{"id":36706,"date":"2025-02-12T10:20:21","date_gmt":"2025-02-12T13:20:21","guid":{"rendered":"http:\/\/vientosur.top\/museo\/?page_id=36706"},"modified":"2026-04-13T10:00:08","modified_gmt":"2026-04-13T14:00:08","slug":"nuestro-fanzine","status":"publish","type":"page","link":"http:\/\/vientosur.top\/museo\/el-museo\/nuestro-fanzine\/","title":{"rendered":"Nuestra Fanzinoteca"},"content":{"rendered":"<div class=\"wpb-content-wrapper\">[vc_row][vc_column][vc_column_text css=\u00bb.vc_custom_1776088804697{margin-right: 25% !important;margin-left: 25% !important;}\u00bb]\n<h2>NUESTRA<\/h2>\n<h1>FANZINOTECA<\/h1>\n<div class=\"pt-cv-wrapper\"><div class=\"pt-cv-view pt-cv-grid pt-cv-colsys\" id=\"pt-cv-view-c5a68515ax\"><div data-id=\"pt-cv-page-1\" class=\"pt-cv-page\" data-cvc=\"1\"><div class=\"col-md-12 col-sm-12 col-xs-12 pt-cv-content-item pt-cv-2-col\"  data-pid=\"38576\"><div class='pt-cv-ifield'><a href=\"http:\/\/vientosur.top\/museo\/bordadoras-de-la-memoria-2\/\" class=\"_self pt-cv-href-thumbnail pt-cv-thumb-left cvplbd\" target=\"_self\" ><img fetchpriority=\"high\" decoding=\"async\" width=\"195\" height=\"300\" src=\"http:\/\/vientosur.top\/museo\/wp-content\/uploads\/2026\/04\/lacocinadevioleta-195x300.png\" class=\"pt-cv-thumbnail img-none pull-left\" alt=\"Bordadoras de la Memoria\" srcset=\"http:\/\/vientosur.top\/museo\/wp-content\/uploads\/2026\/04\/lacocinadevioleta-195x300.png 195w, http:\/\/vientosur.top\/museo\/wp-content\/uploads\/2026\/04\/lacocinadevioleta.png 427w\" sizes=\"(max-width: 195px) 100vw, 195px\" \/><\/a>\n<h4 class=\"pt-cv-title\"><a href=\"http:\/\/vientosur.top\/museo\/bordadoras-de-la-memoria-2\/\" class=\"_self cvplbd\" target=\"_self\" >(sin t\u00edtulo)<\/a><\/h4>\n<div class=\"pt-cv-content\">[vc_row][vc_column][vc_custom_heading text=\"La cocina de Violeta\" font_container=\"tag:h2|text_align:center\" use_theme_fonts=\"yes\" css=\"\"][\/vc_column][\/vc_row][vc_row][vc_column width=\"1\/6\"][\/vc_column][vc_column width=\"2\/3\"][vc_column_text css=\"\"]Somos un proyecto de arte y cocina colectiva, multigeneracional, que construye comunidad y que promovemos: los cuidados colectivos, el fortalecimiento de v\u00ednculos, la reparaci\u00f3n del tejido social, el rescate de la memoria colectiva, y el cocinar juntos y la comensalidad como ...<br \/><div class=\"pt-cv-rmwrap\"><a href=\"http:\/\/vientosur.top\/museo\/bordadoras-de-la-memoria-2\/\" class=\"_self pt-cv-readmore btn btn-success cvplbd\" target=\"_self\">Leer M\u00e1s<\/a><\/div><\/div><\/div><\/div>\n<div class=\"col-md-12 col-sm-12 col-xs-12 pt-cv-content-item pt-cv-2-col\"  data-pid=\"38552\"><div class='pt-cv-ifield'><a href=\"http:\/\/vientosur.top\/museo\/bordadoras-de-la-memoria\/\" class=\"_self pt-cv-href-thumbnail pt-cv-thumb-left cvplbd\" target=\"_self\" ><img decoding=\"async\" width=\"195\" height=\"300\" src=\"http:\/\/vientosur.top\/museo\/wp-content\/uploads\/2026\/04\/imgDestBoradorasdelamemoria-195x300.png\" class=\"pt-cv-thumbnail img-none pull-left\" alt=\"Bordadoras de la Memoria\" srcset=\"http:\/\/vientosur.top\/museo\/wp-content\/uploads\/2026\/04\/imgDestBoradorasdelamemoria-195x300.png 195w, http:\/\/vientosur.top\/museo\/wp-content\/uploads\/2026\/04\/imgDestBoradorasdelamemoria.png 419w\" sizes=\"(max-width: 195px) 100vw, 195px\" \/><\/a>\n<h4 class=\"pt-cv-title\"><a href=\"http:\/\/vientosur.top\/museo\/bordadoras-de-la-memoria\/\" class=\"_self cvplbd\" target=\"_self\" >(sin t\u00edtulo)<\/a><\/h4>\n<div class=\"pt-cv-content\">[vc_row][vc_column][vc_custom_heading text=\"Bordadoras de la memoria\" font_container=\"tag:h2|text_align:center\" use_theme_fonts=\"yes\" css=\"\"][\/vc_column][\/vc_row][vc_row][vc_column width=\"1\/6\"][\/vc_column][vc_column width=\"2\/3\"][vc_column_text css=\"\"]En el coraz\u00f3n de la conmemoraci\u00f3n de los 50 a\u00f1os del golpe de Estado civil y militar, un grupo de mujeres dio vida a un ejercicio de memoria tan \u00edntimo como poderoso: el colectivo Bordadoras de Memoria. Con hilo y aguja ...<br \/><div class=\"pt-cv-rmwrap\"><a href=\"http:\/\/vientosur.top\/museo\/bordadoras-de-la-memoria\/\" class=\"_self pt-cv-readmore btn btn-success cvplbd\" target=\"_self\">Leer M\u00e1s<\/a><\/div><\/div><\/div><\/div>\n<div class=\"col-md-12 col-sm-12 col-xs-12 pt-cv-content-item pt-cv-2-col\"  data-pid=\"36733\"><div class='pt-cv-ifield'><a href=\"http:\/\/vientosur.top\/museo\/compartir-el-canto\/\" class=\"_self pt-cv-href-thumbnail pt-cv-thumb-left cvplbd\" target=\"_self\" ><img decoding=\"async\" width=\"194\" height=\"300\" src=\"http:\/\/vientosur.top\/museo\/wp-content\/uploads\/2025\/02\/WhatsApp-Image-2025-02-12-at-3.28.26-PM-194x300.jpeg\" class=\"pt-cv-thumbnail img-none pull-left\" alt=\"Compartir el canto\" srcset=\"http:\/\/vientosur.top\/museo\/wp-content\/uploads\/2025\/02\/WhatsApp-Image-2025-02-12-at-3.28.26-PM-194x300.jpeg 194w, http:\/\/vientosur.top\/museo\/wp-content\/uploads\/2025\/02\/WhatsApp-Image-2025-02-12-at-3.28.26-PM-600x928.jpeg 600w, http:\/\/vientosur.top\/museo\/wp-content\/uploads\/2025\/02\/WhatsApp-Image-2025-02-12-at-3.28.26-PM-662x1024.jpeg 662w, http:\/\/vientosur.top\/museo\/wp-content\/uploads\/2025\/02\/WhatsApp-Image-2025-02-12-at-3.28.26-PM-768x1187.jpeg 768w, http:\/\/vientosur.top\/museo\/wp-content\/uploads\/2025\/02\/WhatsApp-Image-2025-02-12-at-3.28.26-PM-994x1536.jpeg 994w, http:\/\/vientosur.top\/museo\/wp-content\/uploads\/2025\/02\/WhatsApp-Image-2025-02-12-at-3.28.26-PM.jpeg 1035w\" sizes=\"(max-width: 194px) 100vw, 194px\" \/><\/a>\n<h4 class=\"pt-cv-title\"><a href=\"http:\/\/vientosur.top\/museo\/compartir-el-canto\/\" class=\"_self cvplbd\" target=\"_self\" >Compartir el canto<\/a><\/h4>\n<div class=\"pt-cv-content\">Antes de la llegada de la escritura, la tradici\u00f3n oral mapuche fue el \u00fanico medio de comunicaci\u00f3n y trasmisi\u00f3n de conocimiento de generaci\u00f3n en generaci\u00f3n. Si bien existen distintos grafemarios mapuche con los cuales se intenta ense\u00f1ar y revitalizar el mapuzungun, la pr\u00e1ctica de la tradici\u00f3n oral al interior del mundo ...<br \/><div class=\"pt-cv-rmwrap\"><a href=\"http:\/\/vientosur.top\/museo\/compartir-el-canto\/\" class=\"_self pt-cv-readmore btn btn-success cvplbd\" target=\"_self\">Leer M\u00e1s<\/a><\/div><\/div><\/div><\/div>\n<div class=\"col-md-12 col-sm-12 col-xs-12 pt-cv-content-item pt-cv-2-col\"  data-pid=\"36713\"><div class='pt-cv-ifield'><a href=\"http:\/\/vientosur.top\/museo\/la-cocina-de-violeta\/\" class=\"_self pt-cv-href-thumbnail pt-cv-thumb-left cvplbd\" target=\"_self\" ><img loading=\"lazy\" decoding=\"async\" width=\"193\" height=\"300\" src=\"http:\/\/vientosur.top\/museo\/wp-content\/uploads\/2025\/02\/WhatsApp-Image-2025-02-12-at-3.28.27-PM-193x300.jpeg\" class=\"pt-cv-thumbnail img-none pull-left\" alt=\"La cocina de Violeta\" srcset=\"http:\/\/vientosur.top\/museo\/wp-content\/uploads\/2025\/02\/WhatsApp-Image-2025-02-12-at-3.28.27-PM-193x300.jpeg 193w, http:\/\/vientosur.top\/museo\/wp-content\/uploads\/2025\/02\/WhatsApp-Image-2025-02-12-at-3.28.27-PM-600x933.jpeg 600w, http:\/\/vientosur.top\/museo\/wp-content\/uploads\/2025\/02\/WhatsApp-Image-2025-02-12-at-3.28.27-PM-659x1024.jpeg 659w, http:\/\/vientosur.top\/museo\/wp-content\/uploads\/2025\/02\/WhatsApp-Image-2025-02-12-at-3.28.27-PM-768x1194.jpeg 768w, http:\/\/vientosur.top\/museo\/wp-content\/uploads\/2025\/02\/WhatsApp-Image-2025-02-12-at-3.28.27-PM.jpeg 800w\" sizes=\"(max-width: 193px) 100vw, 193px\" \/><\/a>\n<h4 class=\"pt-cv-title\"><a href=\"http:\/\/vientosur.top\/museo\/la-cocina-de-violeta\/\" class=\"_self cvplbd\" target=\"_self\" >La cocina de Violeta<\/a><\/h4>\n<div class=\"pt-cv-content\">\u00a0 La Cocina de Violeta nace de la iniciativa de cuatro mujeres que se conocieron en el taller \u201cCocina P\u00fablica\u201d,liderado por Teatro Container a fines de abril de 2024.Nuestra idea es reunirnos en torno a la cocina tradicional, compartiendo ideas, recetas y experiencias, cocinandojuntas y formando un grupo que pueda crecer ...<br \/><div class=\"pt-cv-rmwrap\"><a href=\"http:\/\/vientosur.top\/museo\/la-cocina-de-violeta\/\" class=\"_self pt-cv-readmore btn btn-success cvplbd\" target=\"_self\">Leer M\u00e1s<\/a><\/div><\/div><\/div><\/div><\/div><\/div><\/div>\t\t\t<style type=\"text\/css\" id=\"pt-cv-inline-style-28a96f7vp8\">#pt-cv-view-c5a68515ax .pt-cv-title a, #pt-cv-view-c5a68515ax  .panel-title { font-weight: 600 !important; }\n#pt-cv-view-c5a68515ax .pt-cv-readmore  { color: #ffffff !important; background-color: #00aeef !important; }\n#pt-cv-view-c5a68515ax .pt-cv-readmore:hover  { color: #ffffff !important; background-color: #00aeef !important; }<\/style>\r\n\t\t\t[\/vc_column_text][\/vc_column][\/vc_row]\n<\/div>","protected":false},"excerpt":{"rendered":"<p>[vc_row][vc_column][vc_column_text css=\u00bb.vc_custom_1776088804697{margin-right: 25% !important;margin-left: 25% !important;}\u00bb] NUESTRA FANZINOTECA [\/vc_column_text][\/vc_column][\/vc_row]<\/p>\n","protected":false},"author":7,"featured_media":0,"parent":35,"menu_order":0,"comment_status":"closed","ping_status":"closed","template":"elementor_header_footer","meta":{"site-sidebar-layout":"no-sidebar","site-content-layout":"plain-container","ast-site-content-layout":"default","site-content-style":"default","site-sidebar-style":"default","ast-global-header-display":"","ast-banner-title-visibility":"","ast-main-header-display":"","ast-hfb-above-header-display":"","ast-hfb-below-header-display":"","ast-hfb-mobile-header-display":"","site-post-title":"disabled","ast-breadcrumbs-content":"","ast-featured-img":"disabled","footer-sml-layout":"","theme-transparent-header-meta":"default","adv-header-id-meta":"","stick-header-meta":"","header-above-stick-meta":"","header-main-stick-meta":"","header-below-stick-meta":"","astra-migrate-meta-layouts":"set","ast-page-background-enabled":"default","ast-page-background-meta":{"desktop":{"background-color":"var(--ast-global-color-4)","background-image":"","background-repeat":"repeat","background-position":"center center","background-size":"auto","background-attachment":"scroll","background-type":"","background-media":"","overlay-type":"","overlay-color":"","overlay-opacity":"","overlay-gradient":""},"tablet":{"background-color":"","background-image":"","background-repeat":"repeat","background-position":"center center","background-size":"auto","background-attachment":"scroll","background-type":"","background-media":"","overlay-type":"","overlay-color":"","overlay-opacity":"","overlay-gradient":""},"mobile":{"background-color":"","background-image":"","background-repeat":"repeat","background-position":"center center","background-size":"auto","background-attachment":"scroll","background-type":"","background-media":"","overlay-type":"","overlay-color":"","overlay-opacity":"","overlay-gradient":""}},"ast-content-background-meta":{"desktop":{"background-color":"var(--ast-global-color-5)","background-image":"","background-repeat":"repeat","background-position":"center center","background-size":"auto","background-attachment":"scroll","background-type":"","background-media":"","overlay-type":"","overlay-color":"","overlay-opacity":"","overlay-gradient":""},"tablet":{"background-color":"var(--ast-global-color-5)","background-image":"","background-repeat":"repeat","background-position":"center center","background-size":"auto","background-attachment":"scroll","background-type":"","background-media":"","overlay-type":"","overlay-color":"","overlay-opacity":"","overlay-gradient":""},"mobile":{"background-color":"var(--ast-global-color-5)","background-image":"","background-repeat":"repeat","background-position":"center center","background-size":"auto","background-attachment":"scroll","background-type":"","background-media":"","overlay-type":"","overlay-color":"","overlay-opacity":"","overlay-gradient":""}},"footnotes":""},"class_list":["post-36706","page","type-page","status-publish","hentry"],"yoast_head":"<!-- This site is optimized with the Yoast SEO plugin v25.4 - https:\/\/yoast.com\/wordpress\/plugins\/seo\/ -->\n<title>Nuestra Fanzinoteca - Museo Violeta Parra<\/title>\n<meta name=\"robots\" content=\"index, follow, max-snippet:-1, max-image-preview:large, max-video-preview:-1\" \/>\n<link rel=\"canonical\" href=\"http:\/\/vientosur.top\/museo\/el-museo\/nuestro-fanzine\/\" \/>\n<meta property=\"og:locale\" content=\"es_ES\" \/>\n<meta property=\"og:type\" content=\"article\" \/>\n<meta property=\"og:title\" content=\"Nuestra Fanzinoteca - Museo Violeta Parra\" \/>\n<meta property=\"og:description\" content=\"[vc_row][vc_column][vc_column_text css=\u00bb.vc_custom_1776088804697{margin-right: 25% !important;margin-left: 25% !important;}\u00bb] NUESTRA FANZINOTECA [\/vc_column_text][\/vc_column][\/vc_row]\" \/>\n<meta property=\"og:url\" content=\"http:\/\/vientosur.top\/museo\/el-museo\/nuestro-fanzine\/\" \/>\n<meta property=\"og:site_name\" content=\"Museo Violeta Parra\" \/>\n<meta property=\"article:modified_time\" content=\"2026-04-13T14:00:08+00:00\" \/>\n<meta name=\"twitter:card\" content=\"summary_large_image\" \/>\n<meta name=\"twitter:label1\" content=\"Tiempo de lectura\" \/>\n\t<meta name=\"twitter:data1\" content=\"1 minuto\" \/>\n<script type=\"application\/ld+json\" class=\"yoast-schema-graph\">{\"@context\":\"https:\/\/schema.org\",\"@graph\":[{\"@type\":\"WebPage\",\"@id\":\"http:\/\/vientosur.top\/museo\/el-museo\/nuestro-fanzine\/\",\"url\":\"http:\/\/vientosur.top\/museo\/el-museo\/nuestro-fanzine\/\",\"name\":\"Nuestra Fanzinoteca - Museo Violeta Parra\",\"isPartOf\":{\"@id\":\"http:\/\/vientosur.top\/museo\/#website\"},\"datePublished\":\"2025-02-12T13:20:21+00:00\",\"dateModified\":\"2026-04-13T14:00:08+00:00\",\"breadcrumb\":{\"@id\":\"http:\/\/vientosur.top\/museo\/el-museo\/nuestro-fanzine\/#breadcrumb\"},\"inLanguage\":\"es\",\"potentialAction\":[{\"@type\":\"ReadAction\",\"target\":[\"http:\/\/vientosur.top\/museo\/el-museo\/nuestro-fanzine\/\"]}]},{\"@type\":\"BreadcrumbList\",\"@id\":\"http:\/\/vientosur.top\/museo\/el-museo\/nuestro-fanzine\/#breadcrumb\",\"itemListElement\":[{\"@type\":\"ListItem\",\"position\":1,\"name\":\"Portada\",\"item\":\"http:\/\/vientosur.top\/museo\/\"},{\"@type\":\"ListItem\",\"position\":2,\"name\":\"El Museo\",\"item\":\"http:\/\/vientosur.top\/museo\/el-museo\/\"},{\"@type\":\"ListItem\",\"position\":3,\"name\":\"Nuestra Fanzinoteca\"}]},{\"@type\":\"WebSite\",\"@id\":\"http:\/\/vientosur.top\/museo\/#website\",\"url\":\"http:\/\/vientosur.top\/museo\/\",\"name\":\"Museo Violeta Parra\",\"description\":\"Espacio que alberga tanto la memoria y legado creativo de la artista\",\"potentialAction\":[{\"@type\":\"SearchAction\",\"target\":{\"@type\":\"EntryPoint\",\"urlTemplate\":\"http:\/\/vientosur.top\/museo\/?s={search_term_string}\"},\"query-input\":{\"@type\":\"PropertyValueSpecification\",\"valueRequired\":true,\"valueName\":\"search_term_string\"}}],\"inLanguage\":\"es\"}]}<\/script>\n<!-- \/ Yoast SEO plugin. -->","yoast_head_json":{"title":"Nuestra Fanzinoteca - Museo Violeta Parra","robots":{"index":"index","follow":"follow","max-snippet":"max-snippet:-1","max-image-preview":"max-image-preview:large","max-video-preview":"max-video-preview:-1"},"canonical":"http:\/\/vientosur.top\/museo\/el-museo\/nuestro-fanzine\/","og_locale":"es_ES","og_type":"article","og_title":"Nuestra Fanzinoteca - Museo Violeta Parra","og_description":"[vc_row][vc_column][vc_column_text css=\u00bb.vc_custom_1776088804697{margin-right: 25% !important;margin-left: 25% !important;}\u00bb] NUESTRA FANZINOTECA [\/vc_column_text][\/vc_column][\/vc_row]","og_url":"http:\/\/vientosur.top\/museo\/el-museo\/nuestro-fanzine\/","og_site_name":"Museo Violeta Parra","article_modified_time":"2026-04-13T14:00:08+00:00","twitter_card":"summary_large_image","twitter_misc":{"Tiempo de lectura":"1 minuto"},"schema":{"@context":"https:\/\/schema.org","@graph":[{"@type":"WebPage","@id":"http:\/\/vientosur.top\/museo\/el-museo\/nuestro-fanzine\/","url":"http:\/\/vientosur.top\/museo\/el-museo\/nuestro-fanzine\/","name":"Nuestra Fanzinoteca - Museo Violeta Parra","isPartOf":{"@id":"http:\/\/vientosur.top\/museo\/#website"},"datePublished":"2025-02-12T13:20:21+00:00","dateModified":"2026-04-13T14:00:08+00:00","breadcrumb":{"@id":"http:\/\/vientosur.top\/museo\/el-museo\/nuestro-fanzine\/#breadcrumb"},"inLanguage":"es","potentialAction":[{"@type":"ReadAction","target":["http:\/\/vientosur.top\/museo\/el-museo\/nuestro-fanzine\/"]}]},{"@type":"BreadcrumbList","@id":"http:\/\/vientosur.top\/museo\/el-museo\/nuestro-fanzine\/#breadcrumb","itemListElement":[{"@type":"ListItem","position":1,"name":"Portada","item":"http:\/\/vientosur.top\/museo\/"},{"@type":"ListItem","position":2,"name":"El Museo","item":"http:\/\/vientosur.top\/museo\/el-museo\/"},{"@type":"ListItem","position":3,"name":"Nuestra Fanzinoteca"}]},{"@type":"WebSite","@id":"http:\/\/vientosur.top\/museo\/#website","url":"http:\/\/vientosur.top\/museo\/","name":"Museo Violeta Parra","description":"Espacio que alberga tanto la memoria y legado creativo de la artista","potentialAction":[{"@type":"SearchAction","target":{"@type":"EntryPoint","urlTemplate":"http:\/\/vientosur.top\/museo\/?s={search_term_string}"},"query-input":{"@type":"PropertyValueSpecification","valueRequired":true,"valueName":"search_term_string"}}],"inLanguage":"es"}]}},"_links":{"self":[{"href":"http:\/\/vientosur.top\/museo\/wp-json\/wp\/v2\/pages\/36706","targetHints":{"allow":["GET"]}}],"collection":[{"href":"http:\/\/vientosur.top\/museo\/wp-json\/wp\/v2\/pages"}],"about":[{"href":"http:\/\/vientosur.top\/museo\/wp-json\/wp\/v2\/types\/page"}],"author":[{"embeddable":true,"href":"http:\/\/vientosur.top\/museo\/wp-json\/wp\/v2\/users\/7"}],"replies":[{"embeddable":true,"href":"http:\/\/vientosur.top\/museo\/wp-json\/wp\/v2\/comments?post=36706"}],"version-history":[{"count":18,"href":"http:\/\/vientosur.top\/museo\/wp-json\/wp\/v2\/pages\/36706\/revisions"}],"predecessor-version":[{"id":38549,"href":"http:\/\/vientosur.top\/museo\/wp-json\/wp\/v2\/pages\/36706\/revisions\/38549"}],"up":[{"embeddable":true,"href":"http:\/\/vientosur.top\/museo\/wp-json\/wp\/v2\/pages\/35"}],"wp:attachment":[{"href":"http:\/\/vientosur.top\/museo\/wp-json\/wp\/v2\/media?parent=36706"}],"curies":[{"name":"wp","href":"https:\/\/api.w.org\/{rel}","templated":true}]}}