{"id":37476,"date":"2025-07-02T22:44:15","date_gmt":"2025-07-03T02:44:15","guid":{"rendered":"http:\/\/vientosur.top\/museo\/?page_id=37476"},"modified":"2025-08-12T13:11:19","modified_gmt":"2025-08-12T17:11:19","slug":"donaciones","status":"publish","type":"page","link":"https:\/\/vientosur.top\/museo\/donaciones\/","title":{"rendered":"Donaciones"},"content":{"rendered":"<div class=\"wpb-content-wrapper\">[vc_row full_width=\u00bbstretch_row_content_no_spaces\u00bb css=\u00bb.vc_custom_1754891487546{background-image: url(http:\/\/vientosur.top\/museo\/wp-content\/uploads\/2025\/08\/pasarela-de-pago-MVP_comp.jpg?id=37812) !important;background-position: center !important;background-repeat: no-repeat !important;background-size: cover !important;}\u00bb][vc_column width=\u00bb1\/2&#8243; offset=\u00bbvc_hidden-sm vc_hidden-xs\u00bb][vc_empty_space][vc_empty_space][vc_empty_space][\/vc_column][vc_column width=\u00bb1\/2&#8243; offset=\u00bbvc_hidden-sm vc_hidden-xs\u00bb][vc_empty_space][vc_empty_space][vc_empty_space][vc_empty_space][vc_empty_space][vc_empty_space][vc_empty_space][vc_empty_space][vc_empty_space][vc_empty_space][vc_empty_space][vc_empty_space][vc_empty_space][vc_empty_space][vc_empty_space][vc_empty_space][vc_empty_space][vc_empty_space][vc_empty_space][vc_empty_space][vc_empty_space][vc_empty_space][vc_empty_space][vc_empty_space][vc_empty_space][vc_empty_space][vc_empty_space][vc_empty_space][vc_empty_space][vc_row_inner gap=\u00bb20&#8243; css=\u00bb.vc_custom_1754175600269{margin-right: 10% !important;margin-left: 10% !important;}\u00bb][vc_column_inner width=\u00bb1\/2&#8243;][vc_column_text css=\u00bb\u00bb]<span style=\"color: #7724cb;\">El Museo Violeta Parra est\u00e1 siendo remodelado para abrir sus puertas a la comunidad como un espacio vivo, inclusivo, que resguarde y proyecte el legado de una de las artistas m\u00e1s importantes de nuestro pa\u00eds: Violeta Parra.<\/span><\/p>\n<p><span style=\"color: #7724cb;\">Entre 2019 y 2020, el museo sufri\u00f3 tres incendios que destruyeron gran parte de su infraestructura. Hoy trabajamos para recuperarlo, no solo como edificio, sino como un espacio simb\u00f3lico y cultural, dedicado a la memoria, las artes y el encuentro ciudadano.<\/span><\/p>\n<p><span style=\"color: #7724cb;\">Todas nuestras actividades son gratuitas, incluyendo la Sala Museo Violeta Parra en el MAC de Quinta Normal. As\u00ed mantenemos el esp\u00edritu generoso y abierto que inspir\u00f3 a Violeta.<\/span>[\/vc_column_text][\/vc_column_inner][vc_column_inner width=\u00bb1\/2&#8243;][vc_column_text css=\u00bb\u00bb]<span style=\"color: #7724cb;\">Al sumarte al Programa de Donaciones: Amigos tengo por cientos, te haces parte de un proyecto que celebra la cultura popular, el patrimonio y la educaci\u00f3n transformadora que impuls\u00f3 Violeta Parra.<\/span><\/p>\n<p><span style=\"color: #7724cb;\">Queremos que seas parte de esta comunidad de \u201camigos y amigas\u201d que creen en la capacidad transformadora del arte y la cultura. Al unirte, no solo estar\u00e1s apoyando directamente la remodelaci\u00f3n, sino que tambi\u00e9n acceder\u00e1s a beneficios selectos, encuentros exclusivos y experiencias \u00fanicas que conectan de manera m\u00e1s \u00edntima con el legado de Violeta. Porque ser parte de este grupo es tambi\u00e9n ser protagonista de la cultura y el patrimonio de nuestro pa\u00eds.<\/span>[\/vc_column_text][\/vc_column_inner][\/vc_row_inner][\/vc_column][\/vc_row][vc_row full_width=\u00bbstretch_row_content_no_spaces\u00bb][vc_column offset=\u00bbvc_hidden-lg vc_hidden-md\u00bb][vc_single_image image=\u00bb37776&#8243; img_size=\u00bbfull\u00bb alignment=\u00bbcenter\u00bb css=\u00bb.vc_custom_1754502940622{margin-bottom: 0px !important;}\u00bb][vc_single_image image=\u00bb37777&#8243; img_size=\u00bbfull\u00bb alignment=\u00bbcenter\u00bb css=\u00bb\u00bb][\/vc_column][\/vc_row][vc_row full_width=\u00bbstretch_row_content_no_spaces\u00bb css=\u00bb.vc_custom_1754501777867{background-position: center !important;background-repeat: no-repeat !important;background-size: contain !important;}\u00bb][vc_column offset=\u00bbvc_hidden-lg vc_hidden-md\u00bb][vc_column_text css=\u00bb.vc_custom_1754502492362{margin-right: 7% !important;margin-left: 7% !important;}\u00bb]\n<p style=\"text-align: justify;\"><strong><span style=\"color: #7724cb;\">El Museo Violeta Parra est\u00e1 siendo remodelado para abrir sus puertas a la comunidad como un espacio vivo, inclusivo, que resguarde y proyecte el legado de una de las artistas m\u00e1s importantes de nuestro pa\u00eds: Violeta Parra.<\/span><\/strong><\/p>\n<p style=\"text-align: justify;\"><strong><span style=\"color: #7724cb;\">Entre 2019 y 2020, el museo sufri\u00f3 tres incendios que destruyeron gran parte de su infraestructura. Hoy trabajamos para recuperarlo, no solo como edificio, sino como un espacio simb\u00f3lico y cultural, dedicado a la memoria, las artes y el encuentro ciudadano.<\/span><\/strong><\/p>\n<p style=\"text-align: justify;\"><strong><span style=\"color: #7724cb;\">Todas nuestras actividades son gratuitas, incluyendo la Sala Museo Violeta Parra en el MAC de Quinta Normal. As\u00ed mantenemos el esp\u00edritu generoso y abierto que inspir\u00f3 a Violeta.<\/span><\/strong><\/p>\n<p style=\"text-align: justify;\"><strong><span style=\"color: #7724cb;\">Al sumarte al Programa de Donaciones: Amigos tengo por cientos, te haces parte de un proyecto que celebra la cultura popular, el patrimonio y la educaci\u00f3n transformadora que impuls\u00f3 Violeta Parra.<\/span><\/strong><\/p>\n<p style=\"text-align: justify;\"><strong><span style=\"color: #7724cb;\">Queremos que seas parte de esta comunidad de \u201camigos y amigas\u201d que creen en la capacidad transformadora del arte y la cultura. Al unirte, no solo estar\u00e1s apoyando directamente la remodelaci\u00f3n, sino que tambi\u00e9n acceder\u00e1s a beneficios selectos, encuentros exclusivos y experiencias \u00fanicas que conectan de manera m\u00e1s \u00edntima con el legado de Violeta. Porque ser parte de este grupo es tambi\u00e9n ser protagonista de la cultura y el patrimonio de nuestro pa\u00eds.<\/span><\/strong><\/p>\n[\/vc_column_text][\/vc_column][\/vc_row][vc_row full_width=\u00bbstretch_row_content_no_spaces\u00bb][vc_column][vc_empty_space height=\u00bb12px\u00bb][vc_custom_heading text=\u00bbSUSCRIPCIONES\u00bb font_container=\u00bbtag:h2|text_align:center|color:%237724CB\u00bb use_theme_fonts=\u00bbyes\u00bb css=\u00bb\u00bb][vc_empty_space height=\u00bb12px\u00bb][\/vc_column][\/vc_row][vc_row css=\u00bb.vc_custom_1752420428582{background-color: #CFCFCF !important;}\u00bb][vc_column width=\u00bb1\/6&#8243;][\/vc_column][vc_column width=\u00bb2\/3&#8243; css=\u00bb.vc_custom_1753768815942{background-color: #CFCFCF !important;}\u00bb][vc_tta_accordion active_section=\u00bbz\u00bb collapsible_all=\u00bbtrue\u00bb css=\u00bb.vc_custom_1752461897665{background-color: #CFCFCF !important;}\u00bb][vc_tta_section title=\u00bbDonaci\u00f3n\u00bb tab_id=\u00bbdonacion\u00bb el_class=\u00bbacordeon-donacion\u00bb][vc_row_inner css=\u00bb.vc_custom_1753850996698{background-color: #CFCFCF !important;}\u00bb][vc_column_inner width=\u00bb1\/4&#8243;][vc_single_image image=\u00bb37822&#8243; img_size=\u00bbfull\u00bb alignment=\u00bbcenter\u00bb css=\u00bb\u00bb][\/vc_column_inner][vc_column_inner width=\u00bb1\/2&#8243;][vc_column_text css=\u00bb\u00bb]<span style=\"color: #ffffff;\">&#8211; Agradecimiento digital en nuestras RR.SS<\/span>[\/vc_column_text][\/vc_column_inner][vc_column_inner width=\u00bb1\/4&#8243;][vc_btn title=\u00bbAporte Voluntario\u00bb color=\u00bbwhite\u00bb size=\u00bblg\u00bb align=\u00bbcenter\u00bb css=\u00bb\u00bb button_block=\u00bbtrue\u00bb link=\u00bburl:http%3A%2F%2Fvientosur.top%2Fmuseo%2Fproducto%2Fdonacion%2F\u00bb][\/vc_column_inner][\/vc_row_inner][\/vc_tta_section][\/vc_tta_accordion][\/vc_column][vc_column width=\u00bb1\/6&#8243;][\/vc_column][\/vc_row][vc_row css=\u00bb.vc_custom_1754193379448{background-color: #B289D4 !important;}\u00bb][vc_column width=\u00bb1\/6&#8243;][\/vc_column][vc_column width=\u00bb2\/3&#8243;][vc_tta_accordion active_section=\u00bbr\u00bb collapsible_all=\u00bbtrue\u00bb css=\u00bb.vc_custom_1753768643852{background-color: #FF590A !important;}\u00bb][vc_tta_section title=\u00bbAmiga\/o\u00bb tab_id=\u00bbamigoa\u00bb el_class=\u00bbacordeon-amiga\u00bb][vc_row_inner css=\u00bb.vc_custom_1754193391357{background-color: #B289D4 !important;}\u00bb][vc_column_inner width=\u00bb1\/4&#8243;][vc_single_image image=\u00bb37823&#8243; img_size=\u00bbfull\u00bb alignment=\u00bbcenter\u00bb css=\u00bb\u00bb][\/vc_column_inner][vc_column_inner width=\u00bb1\/2&#8243;][vc_column_text css=\u00bb\u00bb]<span style=\"color: #ffffff;\"><strong>Aporte Sugerido $5.000 CLP mensual<\/strong><\/span><\/p>\n<p><span style=\"color: #ffffff;\"><strong>BENEFICIOS<\/strong><\/span><\/p>\n<p><span style=\"color: #ffffff;\">&#8211; Agradecimiento digital en nuestras RR.SS<\/span><br \/>\n<span style=\"color: #ffffff;\">&#8211; Suscripci\u00f3n al bolet\u00edn mensual del Museo<\/span><\/p>\n[\/vc_column_text][\/vc_column_inner][vc_column_inner width=\u00bb1\/4&#8243;][vc_btn title=\u00bbUnirse\u00bb color=\u00bbwhite\u00bb size=\u00bblg\u00bb align=\u00bbcenter\u00bb css=\u00bb\u00bb button_block=\u00bbtrue\u00bb link=\u00bburl:http%3A%2F%2Fvientosur.top%2Fmuseo%2Fsuscripcion-amigo-a%2F\u00bb][\/vc_column_inner][\/vc_row_inner][\/vc_tta_section][\/vc_tta_accordion][\/vc_column][vc_column width=\u00bb1\/6&#8243;][\/vc_column][\/vc_row][vc_row css=\u00bb.vc_custom_1754193415960{background-color: #945BC4 !important;}\u00bb][vc_column width=\u00bb1\/6&#8243;][\/vc_column][vc_column width=\u00bb2\/3&#8243;][vc_tta_accordion active_section=\u00bbr\u00bb collapsible_all=\u00bbtrue\u00bb css=\u00bb.vc_custom_1752416778045{background-color: #FF590A !important;}\u00bb][vc_tta_section title=\u00bbCompinche\u00bb tab_id=\u00bbcompinche\u00bb el_class=\u00bbacordeon-compinche\u00bb][vc_row_inner css=\u00bb.vc_custom_1754193426567{background-color: #945BC4 !important;}\u00bb][vc_column_inner width=\u00bb1\/4&#8243;][vc_single_image image=\u00bb37825&#8243; img_size=\u00bbfull\u00bb alignment=\u00bbcenter\u00bb css=\u00bb\u00bb][\/vc_column_inner][vc_column_inner width=\u00bb1\/2&#8243;][vc_column_text css=\u00bb\u00bb]<span style=\"color: #ffffff;\"><strong>Aporte Sugerido $15.000 CLP mensual<\/strong><\/span><\/p>\n<p><span style=\"color: #ffffff;\"><strong>BENEFICIOS<\/strong><\/span><\/p>\n<p><span style=\"color: #ffffff;\">&#8211; Beneficios anteriores<\/span><br \/>\n<span style=\"color: #ffffff;\">&#8211; 2 publicaciones impresas al a\u00f1o<\/span><br \/>\n<span style=\"color: #ffffff;\">&#8211; Set de fotos impresas de nuestro archivo<\/span>[\/vc_column_text][\/vc_column_inner][vc_column_inner width=\u00bb1\/4&#8243;][vc_btn title=\u00bbUnirse\u00bb color=\u00bbwhite\u00bb size=\u00bblg\u00bb align=\u00bbcenter\u00bb css=\u00bb\u00bb button_block=\u00bbtrue\u00bb link=\u00bburl:http%3A%2F%2Fvientosur.top%2Fmuseo%2Fsuscripcion-compinche%2F\u00bb][\/vc_column_inner][\/vc_row_inner][\/vc_tta_section][\/vc_tta_accordion][\/vc_column][vc_column width=\u00bb1\/6&#8243;][\/vc_column][\/vc_row][vc_row css=\u00bb.vc_custom_1754193450001{background-color: #752CB3 !important;}\u00bb][vc_column width=\u00bb1\/6&#8243;][\/vc_column][vc_column width=\u00bb2\/3&#8243;][vc_tta_accordion active_section=\u00bbr\u00bb collapsible_all=\u00bbtrue\u00bb css=\u00bb.vc_custom_1752416778045{background-color: #FF590A !important;}\u00bb][vc_tta_section title=\u00bbComadre\/Compadre\u00bb tab_id=\u00bbcomadrecompadre\u00bb el_class=\u00bbacordeon-comadre\u00bb][vc_row_inner css=\u00bb.vc_custom_1754193460618{background-color: #752CB3 !important;}\u00bb][vc_column_inner width=\u00bb1\/4&#8243;][vc_single_image image=\u00bb37827&#8243; img_size=\u00bbfull\u00bb alignment=\u00bbcenter\u00bb css=\u00bb\u00bb][\/vc_column_inner][vc_column_inner width=\u00bb1\/2&#8243;][vc_column_text css=\u00bb\u00bb]<span style=\"color: #ffffff;\"><strong>Aporte Sugerido $50.000 CLP mensual<\/strong><\/span><\/p>\n<p><span style=\"color: #ffffff;\"><strong>BENEFICIOS<\/strong><\/span><\/p>\n<p><span style=\"color: #ffffff;\">&#8211; Beneficios anteriores<\/span><br \/>\n<span style=\"color: #ffffff;\">&#8211; Set impreso de 5 publicaciones del Museo<\/span><br \/>\n<span style=\"color: #ffffff;\">&#8211; Totebag Museo Violeta Parra<\/span><br \/>\n<span style=\"color: #ffffff;\">&#8211; Concierto exclusivo anual<\/span>[\/vc_column_text][\/vc_column_inner][vc_column_inner width=\u00bb1\/4&#8243;][vc_btn title=\u00bbUnirse\u00bb color=\u00bbwhite\u00bb size=\u00bblg\u00bb align=\u00bbcenter\u00bb css=\u00bb\u00bb button_block=\u00bbtrue\u00bb link=\u00bburl:http%3A%2F%2Fvientosur.top%2Fmuseo%2Fsuscripcion-comadre-compadre%2F\u00bb][\/vc_column_inner][\/vc_row_inner][\/vc_tta_section][\/vc_tta_accordion][\/vc_column][vc_column width=\u00bb1\/6&#8243;][\/vc_column][\/vc_row][vc_row css=\u00bb.vc_custom_1754193480725{background-color: #FF590A !important;}\u00bb][vc_column width=\u00bb1\/6&#8243;][\/vc_column][vc_column width=\u00bb2\/3&#8243;][vc_tta_accordion active_section=\u00bbr\u00bb collapsible_all=\u00bbtrue\u00bb css=\u00bb.vc_custom_1752416778045{background-color: #FF590A !important;}\u00bb][vc_tta_section title=\u00bbMecenas\u00bb tab_id=\u00bbmesenas\u00bb el_class=\u00bbacordeon-mesenas\u00bb][vc_row_inner css=\u00bb.vc_custom_1754193492108{background-color: #FF590A !important;}\u00bb][vc_column_inner width=\u00bb1\/4&#8243;][vc_single_image image=\u00bb37828&#8243; img_size=\u00bbfull\u00bb alignment=\u00bbcenter\u00bb css=\u00bb\u00bb][\/vc_column_inner][vc_column_inner width=\u00bb1\/2&#8243;][vc_column_text css=\u00bb\u00bb]<span style=\"color: #ffffff;\"><strong>Aporte Sugerido $70.000 CLP o m\u00e1s mensual<\/strong><\/span><\/p>\n<p><span style=\"color: #ffffff;\"><strong>BENEFICIOS<\/strong><\/span><\/p>\n<p><span style=\"color: #ffffff;\">&#8211; Todos los beneficios anteriores<\/span><br \/>\n<span style=\"color: #ffffff;\">&#8211; Invitaci\u00f3n a una visita guiada privada anual<\/span><br \/>\n<span style=\"color: #ffffff;\">con tu familia y amigos a nuestra Sala Museo<\/span><br \/>\n<span style=\"color: #ffffff;\">&#8211; R\u00e9plica de una obra de nuestra colecci\u00f3n.<\/span><br \/>\n<span style=\"color: #ffffff;\">&#8211; Reconocimiento en la memoria institucional del Museo<\/span>[\/vc_column_text][\/vc_column_inner][vc_column_inner width=\u00bb1\/4&#8243;][vc_btn title=\u00bbUnirse\u00bb color=\u00bbwhite\u00bb size=\u00bblg\u00bb align=\u00bbcenter\u00bb css=\u00bb\u00bb button_block=\u00bbtrue\u00bb link=\u00bburl:http%3A%2F%2Fvientosur.top%2Fmuseo%2Fsuscripcion-mesenas%2F\u00bb][\/vc_column_inner][\/vc_row_inner][\/vc_tta_section][\/vc_tta_accordion][\/vc_column][vc_column width=\u00bb1\/6&#8243;][\/vc_column][\/vc_row][vc_row][vc_column][vc_empty_space][\/vc_column][\/vc_row]\n<\/div>","protected":false},"excerpt":{"rendered":"<p>[vc_row full_width=\u00bbstretch_row_content_no_spaces\u00bb css=\u00bb.vc_custom_1754891487546{background-image: url(http:\/\/vientosur.top\/museo\/wp-content\/uploads\/2025\/08\/pasarela-de-pago-MVP_comp.jpg?id=37812) !important;background-position: center !important;background-repeat: no-repeat !important;background-size: cover !important;}\u00bb][vc_column width=\u00bb1\/2&#8243; offset=\u00bbvc_hidden-sm vc_hidden-xs\u00bb][vc_empty_space][vc_empty_space][vc_empty_space][\/vc_column][vc_column width=\u00bb1\/2&#8243; offset=\u00bbvc_hidden-sm vc_hidden-xs\u00bb][vc_empty_space][vc_empty_space][vc_empty_space][vc_empty_space][vc_empty_space][vc_empty_space][vc_empty_space][vc_empty_space][vc_empty_space][vc_empty_space][vc_empty_space][vc_empty_space][vc_empty_space][vc_empty_space][vc_empty_space][vc_empty_space][vc_empty_space][vc_empty_space][vc_empty_space][vc_empty_space][vc_empty_space][vc_empty_space][vc_empty_space][vc_empty_space][vc_empty_space][vc_empty_space][vc_empty_space][vc_empty_space][vc_empty_space][vc_row_inner gap=\u00bb20&#8243; css=\u00bb.vc_custom_1754175600269{margin-right: 10% !important;margin-left: 10% !important;}\u00bb][vc_column_inner width=\u00bb1\/2&#8243;][vc_column_text css=\u00bb\u00bb]El Museo Violeta Parra est\u00e1 siendo remodelado para abrir sus puertas a la comunidad como un espacio vivo, inclusivo, que resguarde y proyecte el legado de una de las artistas m\u00e1s [&hellip;]<\/p>\n","protected":false},"author":7,"featured_media":0,"parent":0,"menu_order":0,"comment_status":"closed","ping_status":"closed","template":"","meta":{"site-sidebar-layout":"no-sidebar","site-content-layout":"plain-container","ast-site-content-layout":"default","site-content-style":"default","site-sidebar-style":"default","ast-global-header-display":"","ast-banner-title-visibility":"","ast-main-header-display":"","ast-hfb-above-header-display":"","ast-hfb-below-header-display":"","ast-hfb-mobile-header-display":"","site-post-title":"disabled","ast-breadcrumbs-content":"","ast-featured-img":"disabled","footer-sml-layout":"","theme-transparent-header-meta":"default","adv-header-id-meta":"","stick-header-meta":"","header-above-stick-meta":"","header-main-stick-meta":"","header-below-stick-meta":"","astra-migrate-meta-layouts":"set","ast-page-background-enabled":"default","ast-page-background-meta":{"desktop":{"background-color":"var(--ast-global-color-4)","background-image":"","background-repeat":"repeat","background-position":"center center","background-size":"auto","background-attachment":"scroll","background-type":"","background-media":"","overlay-type":"","overlay-color":"","overlay-opacity":"","overlay-gradient":""},"tablet":{"background-color":"","background-image":"","background-repeat":"repeat","background-position":"center center","background-size":"auto","background-attachment":"scroll","background-type":"","background-media":"","overlay-type":"","overlay-color":"","overlay-opacity":"","overlay-gradient":""},"mobile":{"background-color":"","background-image":"","background-repeat":"repeat","background-position":"center center","background-size":"auto","background-attachment":"scroll","background-type":"","background-media":"","overlay-type":"","overlay-color":"","overlay-opacity":"","overlay-gradient":""}},"ast-content-background-meta":{"desktop":{"background-color":"var(--ast-global-color-5)","background-image":"","background-repeat":"repeat","background-position":"center center","background-size":"auto","background-attachment":"scroll","background-type":"","background-media":"","overlay-type":"","overlay-color":"","overlay-opacity":"","overlay-gradient":""},"tablet":{"background-color":"var(--ast-global-color-5)","background-image":"","background-repeat":"repeat","background-position":"center center","background-size":"auto","background-attachment":"scroll","background-type":"","background-media":"","overlay-type":"","overlay-color":"","overlay-opacity":"","overlay-gradient":""},"mobile":{"background-color":"var(--ast-global-color-5)","background-image":"","background-repeat":"repeat","background-position":"center center","background-size":"auto","background-attachment":"scroll","background-type":"","background-media":"","overlay-type":"","overlay-color":"","overlay-opacity":"","overlay-gradient":""}},"footnotes":""},"class_list":["post-37476","page","type-page","status-publish","hentry"],"yoast_head":"<!-- This site is optimized with the Yoast SEO plugin v25.4 - https:\/\/yoast.com\/wordpress\/plugins\/seo\/ -->\n<title>Donaciones - Museo Violeta Parra<\/title>\n<meta name=\"robots\" content=\"index, follow, max-snippet:-1, max-image-preview:large, max-video-preview:-1\" \/>\n<link rel=\"canonical\" href=\"http:\/\/vientosur.top\/museo\/donaciones\/\" \/>\n<meta property=\"og:locale\" content=\"es_ES\" \/>\n<meta property=\"og:type\" content=\"article\" \/>\n<meta property=\"og:title\" content=\"Donaciones - Museo Violeta Parra\" \/>\n<meta property=\"og:description\" content=\"[vc_row full_width=\u00bbstretch_row_content_no_spaces\u00bb css=\u00bb.vc_custom_1754891487546{background-image: url(http:\/\/vientosur.top\/museo\/wp-content\/uploads\/2025\/08\/pasarela-de-pago-MVP_comp.jpg?id=37812) !important;background-position: center !important;background-repeat: no-repeat !important;background-size: cover !important;}\u00bb][vc_column width=\u00bb1\/2&#8243; offset=\u00bbvc_hidden-sm vc_hidden-xs\u00bb][vc_empty_space][vc_empty_space][vc_empty_space][\/vc_column][vc_column width=\u00bb1\/2&#8243; offset=\u00bbvc_hidden-sm vc_hidden-xs\u00bb][vc_empty_space][vc_empty_space][vc_empty_space][vc_empty_space][vc_empty_space][vc_empty_space][vc_empty_space][vc_empty_space][vc_empty_space][vc_empty_space][vc_empty_space][vc_empty_space][vc_empty_space][vc_empty_space][vc_empty_space][vc_empty_space][vc_empty_space][vc_empty_space][vc_empty_space][vc_empty_space][vc_empty_space][vc_empty_space][vc_empty_space][vc_empty_space][vc_empty_space][vc_empty_space][vc_empty_space][vc_empty_space][vc_empty_space][vc_row_inner gap=\u00bb20&#8243; css=\u00bb.vc_custom_1754175600269{margin-right: 10% !important;margin-left: 10% !important;}\u00bb][vc_column_inner width=\u00bb1\/2&#8243;][vc_column_text css=\u00bb\u00bb]El Museo Violeta Parra est\u00e1 siendo remodelado para abrir sus puertas a la comunidad como un espacio vivo, inclusivo, que resguarde y proyecte el legado de una de las artistas m\u00e1s [&hellip;]\" \/>\n<meta property=\"og:url\" content=\"http:\/\/vientosur.top\/museo\/donaciones\/\" \/>\n<meta property=\"og:site_name\" content=\"Museo Violeta Parra\" \/>\n<meta property=\"article:modified_time\" content=\"2025-08-12T17:11:19+00:00\" \/>\n<meta name=\"twitter:card\" content=\"summary_large_image\" \/>\n<meta name=\"twitter:label1\" content=\"Tiempo de lectura\" \/>\n\t<meta name=\"twitter:data1\" content=\"5 minutos\" \/>\n<script type=\"application\/ld+json\" class=\"yoast-schema-graph\">{\"@context\":\"https:\/\/schema.org\",\"@graph\":[{\"@type\":\"WebPage\",\"@id\":\"http:\/\/vientosur.top\/museo\/donaciones\/\",\"url\":\"http:\/\/vientosur.top\/museo\/donaciones\/\",\"name\":\"Donaciones - Museo Violeta Parra\",\"isPartOf\":{\"@id\":\"http:\/\/vientosur.top\/museo\/#website\"},\"datePublished\":\"2025-07-03T02:44:15+00:00\",\"dateModified\":\"2025-08-12T17:11:19+00:00\",\"breadcrumb\":{\"@id\":\"http:\/\/vientosur.top\/museo\/donaciones\/#breadcrumb\"},\"inLanguage\":\"es\",\"potentialAction\":[{\"@type\":\"ReadAction\",\"target\":[\"http:\/\/vientosur.top\/museo\/donaciones\/\"]}]},{\"@type\":\"BreadcrumbList\",\"@id\":\"http:\/\/vientosur.top\/museo\/donaciones\/#breadcrumb\",\"itemListElement\":[{\"@type\":\"ListItem\",\"position\":1,\"name\":\"Portada\",\"item\":\"http:\/\/vientosur.top\/museo\/\"},{\"@type\":\"ListItem\",\"position\":2,\"name\":\"Donaciones\"}]},{\"@type\":\"WebSite\",\"@id\":\"http:\/\/vientosur.top\/museo\/#website\",\"url\":\"http:\/\/vientosur.top\/museo\/\",\"name\":\"Museo Violeta Parra\",\"description\":\"Espacio que alberga tanto la memoria y legado creativo de la artista\",\"potentialAction\":[{\"@type\":\"SearchAction\",\"target\":{\"@type\":\"EntryPoint\",\"urlTemplate\":\"http:\/\/vientosur.top\/museo\/?s={search_term_string}\"},\"query-input\":{\"@type\":\"PropertyValueSpecification\",\"valueRequired\":true,\"valueName\":\"search_term_string\"}}],\"inLanguage\":\"es\"}]}<\/script>\n<!-- \/ Yoast SEO plugin. -->","yoast_head_json":{"title":"Donaciones - Museo Violeta Parra","robots":{"index":"index","follow":"follow","max-snippet":"max-snippet:-1","max-image-preview":"max-image-preview:large","max-video-preview":"max-video-preview:-1"},"canonical":"http:\/\/vientosur.top\/museo\/donaciones\/","og_locale":"es_ES","og_type":"article","og_title":"Donaciones - Museo Violeta Parra","og_description":"[vc_row full_width=\u00bbstretch_row_content_no_spaces\u00bb css=\u00bb.vc_custom_1754891487546{background-image: url(http:\/\/vientosur.top\/museo\/wp-content\/uploads\/2025\/08\/pasarela-de-pago-MVP_comp.jpg?id=37812) !important;background-position: center !important;background-repeat: no-repeat !important;background-size: cover !important;}\u00bb][vc_column width=\u00bb1\/2&#8243; offset=\u00bbvc_hidden-sm vc_hidden-xs\u00bb][vc_empty_space][vc_empty_space][vc_empty_space][\/vc_column][vc_column width=\u00bb1\/2&#8243; offset=\u00bbvc_hidden-sm vc_hidden-xs\u00bb][vc_empty_space][vc_empty_space][vc_empty_space][vc_empty_space][vc_empty_space][vc_empty_space][vc_empty_space][vc_empty_space][vc_empty_space][vc_empty_space][vc_empty_space][vc_empty_space][vc_empty_space][vc_empty_space][vc_empty_space][vc_empty_space][vc_empty_space][vc_empty_space][vc_empty_space][vc_empty_space][vc_empty_space][vc_empty_space][vc_empty_space][vc_empty_space][vc_empty_space][vc_empty_space][vc_empty_space][vc_empty_space][vc_empty_space][vc_row_inner gap=\u00bb20&#8243; css=\u00bb.vc_custom_1754175600269{margin-right: 10% !important;margin-left: 10% !important;}\u00bb][vc_column_inner width=\u00bb1\/2&#8243;][vc_column_text css=\u00bb\u00bb]El Museo Violeta Parra est\u00e1 siendo remodelado para abrir sus puertas a la comunidad como un espacio vivo, inclusivo, que resguarde y proyecte el legado de una de las artistas m\u00e1s [&hellip;]","og_url":"http:\/\/vientosur.top\/museo\/donaciones\/","og_site_name":"Museo Violeta Parra","article_modified_time":"2025-08-12T17:11:19+00:00","twitter_card":"summary_large_image","twitter_misc":{"Tiempo de lectura":"5 minutos"},"schema":{"@context":"https:\/\/schema.org","@graph":[{"@type":"WebPage","@id":"http:\/\/vientosur.top\/museo\/donaciones\/","url":"http:\/\/vientosur.top\/museo\/donaciones\/","name":"Donaciones - Museo Violeta Parra","isPartOf":{"@id":"http:\/\/vientosur.top\/museo\/#website"},"datePublished":"2025-07-03T02:44:15+00:00","dateModified":"2025-08-12T17:11:19+00:00","breadcrumb":{"@id":"http:\/\/vientosur.top\/museo\/donaciones\/#breadcrumb"},"inLanguage":"es","potentialAction":[{"@type":"ReadAction","target":["http:\/\/vientosur.top\/museo\/donaciones\/"]}]},{"@type":"BreadcrumbList","@id":"http:\/\/vientosur.top\/museo\/donaciones\/#breadcrumb","itemListElement":[{"@type":"ListItem","position":1,"name":"Portada","item":"http:\/\/vientosur.top\/museo\/"},{"@type":"ListItem","position":2,"name":"Donaciones"}]},{"@type":"WebSite","@id":"http:\/\/vientosur.top\/museo\/#website","url":"http:\/\/vientosur.top\/museo\/","name":"Museo Violeta Parra","description":"Espacio que alberga tanto la memoria y legado creativo de la artista","potentialAction":[{"@type":"SearchAction","target":{"@type":"EntryPoint","urlTemplate":"http:\/\/vientosur.top\/museo\/?s={search_term_string}"},"query-input":{"@type":"PropertyValueSpecification","valueRequired":true,"valueName":"search_term_string"}}],"inLanguage":"es"}]}},"_links":{"self":[{"href":"https:\/\/vientosur.top\/museo\/wp-json\/wp\/v2\/pages\/37476","targetHints":{"allow":["GET"]}}],"collection":[{"href":"https:\/\/vientosur.top\/museo\/wp-json\/wp\/v2\/pages"}],"about":[{"href":"https:\/\/vientosur.top\/museo\/wp-json\/wp\/v2\/types\/page"}],"author":[{"embeddable":true,"href":"https:\/\/vientosur.top\/museo\/wp-json\/wp\/v2\/users\/7"}],"replies":[{"embeddable":true,"href":"https:\/\/vientosur.top\/museo\/wp-json\/wp\/v2\/comments?post=37476"}],"version-history":[{"count":94,"href":"https:\/\/vientosur.top\/museo\/wp-json\/wp\/v2\/pages\/37476\/revisions"}],"predecessor-version":[{"id":37835,"href":"https:\/\/vientosur.top\/museo\/wp-json\/wp\/v2\/pages\/37476\/revisions\/37835"}],"wp:attachment":[{"href":"https:\/\/vientosur.top\/museo\/wp-json\/wp\/v2\/media?parent=37476"}],"curies":[{"name":"wp","href":"https:\/\/api.w.org\/{rel}","templated":true}]}}